{"id":2352,"date":"2026-02-11T14:00:28","date_gmt":"2026-02-11T13:00:28","guid":{"rendered":"https:\/\/electric.callfutur.com\/repair\/"},"modified":"2026-03-01T17:12:43","modified_gmt":"2026-03-01T16:12:43","slug":"repair","status":"publish","type":"page","link":"https:\/\/www.electricmotors.es\/de\/repair\/","title":{"rendered":"REPARACI\u00d3N"},"content":{"rendered":"\t\t<div data-elementor-type=\"wp-post\" data-elementor-id=\"2352\" class=\"elementor elementor-2352 elementor-506\" data-elementor-post-type=\"page\">\n\t\t\t\t<div class=\"elementor-element elementor-element-627553f e-flex e-con-boxed e-con e-parent\" data-id=\"627553f\" data-element_type=\"container\" data-e-type=\"container\" data-settings=\"{&quot;background_background&quot;:&quot;classic&quot;,&quot;shape_divider_bottom&quot;:&quot;pyramids&quot;}\">\n\t\t\t\t\t<div class=\"e-con-inner\">\n\t\t\t\t<div class=\"elementor-shape elementor-shape-bottom\" aria-hidden=\"true\" data-negative=\"false\">\n\t\t\t<svg xmlns=\"http:\/\/www.w3.org\/2000\/svg\" viewBox=\"0 0 1000 100\" preserveAspectRatio=\"none\">\n\t<path class=\"elementor-shape-fill\" d=\"M761.9,44.1L643.1,27.2L333.8,98L0,3.8V0l1000,0v3.9\"\/>\n<\/svg>\t\t<\/div>\n\t\t<div class=\"elementor-element elementor-element-422be9b e-con-full e-flex e-con e-child\" data-id=\"422be9b\" data-element_type=\"container\" data-e-type=\"container\">\n\t\t\t\t<div class=\"elementor-element elementor-element-e4b4478 elementor-widget elementor-widget-heading\" data-id=\"e4b4478\" data-element_type=\"widget\" data-e-type=\"widget\" data-widget_type=\"heading.default\">\n\t\t\t\t\t<h1 class=\"elementor-heading-title elementor-size-default\">REPARATUR VON ELEKTROFAHRZEUGEN<\/h1>\t\t\t\t<\/div>\n\t\t\t\t\t\t\t\t<p class=\"e-2c6fd65-d83a75c e-paragraph-base\" data-interaction-id=\"2c6fd65\"  >\n\t\t\t\t\t\t\t\tSchnelle und zuverl\u00e4ssige L\u00f6sungen, um Ihr Elektrofahrzeug stets betriebsbereit zu halten.\n\t\t\t\t\t<\/p>\n\t\t\t\t<div class=\"elementor-element elementor-element-88379d1 elementor-align-center elementor-widget elementor-widget-button\" data-id=\"88379d1\" data-element_type=\"widget\" data-e-type=\"widget\" data-widget_type=\"button.default\">\n\t\t\t\t\t\t\t\t\t\t<a class=\"elementor-button elementor-button-link elementor-size-sm\" href=\"https:\/\/electric.callfutur.com\/de\/contacto\/\">\n\t\t\t\t\t\t<span class=\"elementor-button-content-wrapper\">\n\t\t\t\t\t\t\t\t\t<span class=\"elementor-button-text\">Fordern Sie Ihr Angebot an<\/span>\n\t\t\t\t\t<\/span>\n\t\t\t\t\t<\/a>\n\t\t\t\t\t\t\t\t<\/div>\n\t\t\t\t<\/div>\n\t\t\t\t\t<\/div>\n\t\t\t\t<\/div>\n\t\t<div class=\"elementor-element elementor-element-577fc67 e-flex e-con-boxed e-con e-parent\" data-id=\"577fc67\" data-element_type=\"container\" data-e-type=\"container\">\n\t\t\t\t\t<div class=\"e-con-inner\">\n\t\t<div class=\"elementor-element elementor-element-5ef6334 e-con-full e-flex e-con e-child\" data-id=\"5ef6334\" data-element_type=\"container\" data-e-type=\"container\">\n\t\t\t\t<div class=\"elementor-element elementor-element-c4559e6 elementor-widget elementor-widget-heading\" data-id=\"c4559e6\" data-element_type=\"widget\" data-e-type=\"widget\" data-widget_type=\"heading.default\">\n\t\t\t\t\t<h2 class=\"elementor-heading-title elementor-size-default\">Ihr Fahrzeug in erfahrenen H\u00e4nden<\/h2>\t\t\t\t<\/div>\n\t\t\t\t\t\t\t\t<p class=\"e-paragraph-base\" data-interaction-id=\"47903f0\"  >\n\t\t\t\t\t\t\t\tBei <strong>Electric Motors<\/strong> sind wir darauf spezialisiert, einen umfassenden und professionellen Service f\u00fcr die <strong>Reparatur von Elektrofahrzeugen<\/strong> anzubieten, der darauf ausgelegt ist, all Ihre Bed\u00fcrfnisse zu erf\u00fcllen und maximale Sicherheit sowie Effizienz zu gew\u00e4hrleisten. Unser Team hochqualifizierter Techniker f\u00fchrt bei jedem Fahrzeug eine <strong>umfassende und pr\u00e4zise Diagnose<\/strong> durch, erkennt m\u00f6gliche Defekte oder Verschlei\u00df und bietet schnelle und effektive L\u00f6sungen an. Dar\u00fcber hinaus bieten wir <strong>Reparaturen f\u00fcr alle Arten von Elektrofahrzeugen<\/strong> an, von Tretrollern und Elektrofahrr\u00e4dern bis hin zu Scootern und E-Choppern, und stellen sicher, dass jede Ma\u00dfnahme den h\u00f6chsten Qualit\u00e4tsstandards entspricht. Wir verpflichten uns, Ihnen <strong>pers\u00f6nliche Betreuung<\/strong> zu bieten, Sie bei jedem Schritt des Prozesses zu begleiten und Ihnen klare, transparente Kostenvoranschl\u00e4ge zu liefern. Unser Ziel ist es, dass Ihre Erfahrung mit <strong>Electric Motors<\/strong> <strong>sicher, komfortabel und unkompliziert<\/strong> ist, sodass Sie Ihr Elektrofahrzeug mit vollem Vertrauen und Ruhe genie\u00dfen k\u00f6nnen, in dem Wissen, dass es in den H\u00e4nden von Experten ist.\n\t\t\t\t\t<\/p>\n\t\t\t\t<div class=\"elementor-element elementor-element-c9cb582 elementor-widget elementor-widget-button\" data-id=\"c9cb582\" data-element_type=\"widget\" data-e-type=\"widget\" data-widget_type=\"button.default\">\n\t\t\t\t\t\t\t\t\t\t<a class=\"elementor-button elementor-button-link elementor-size-sm\" href=\"https:\/\/electric.callfutur.com\/de\/contacto\/\">\n\t\t\t\t\t\t<span class=\"elementor-button-content-wrapper\">\n\t\t\t\t\t\t\t\t\t<span class=\"elementor-button-text\">Nachricht senden<\/span>\n\t\t\t\t\t<\/span>\n\t\t\t\t\t<\/a>\n\t\t\t\t\t\t\t\t<\/div>\n\t\t\t\t<\/div>\n\t\t<div class=\"elementor-element elementor-element-11ec408 e-con-full e-flex e-con e-child\" data-id=\"11ec408\" data-element_type=\"container\" data-e-type=\"container\" data-settings=\"{&quot;background_background&quot;:&quot;slideshow&quot;,&quot;background_slideshow_slide_transition&quot;:&quot;slide_down&quot;,&quot;background_slideshow_gallery&quot;:[],&quot;background_slideshow_slide_duration&quot;:5000,&quot;background_slideshow_transition_duration&quot;:500}\">\n\t\t\t\t\t\t\t\n\t\t\t<img class=\"e-image-base e-d6f125a-4abb7c1\" \n\t\t\t\t\tdata-interaction-id=\"d6f125a\" \n\t\t \n\t\t \n\t\t\t\t\t\t\t\t\tid=\"2346\"\n\t\t\t\t\t\t\t\t\t\t\t\tsrc=\"https:\/\/www.electricmotors.es\/wp-content\/uploads\/2026\/02\/casual-male-posing-with-electric-scooter-1.webp\"\n\t\t\t\t\t\t\t\t\t\t\t\twidth=\"640\"\n\t\t\t\t\t\t\t\t\t\t\t\theight=\"959\"\n\t\t\t\t\t\t\t\t\t\t\t\tsrcset=\"https:\/\/www.electricmotors.es\/wp-content\/uploads\/2026\/02\/casual-male-posing-with-electric-scooter-1.webp 640w, https:\/\/www.electricmotors.es\/wp-content\/uploads\/2026\/02\/casual-male-posing-with-electric-scooter-1-200x300.webp 200w\"\n\t\t\t\t\t\t\t\t\t\t\t\talt=\"\"\n\t\t\t\t\t\t\/>\n\t\t\t\t\t<\/div>\n\t\t\t\t\t<\/div>\n\t\t\t\t<\/div>\n\t\t<div class=\"elementor-element elementor-element-ad9132b e-flex e-con-boxed e-con e-parent\" data-id=\"ad9132b\" data-element_type=\"container\" data-e-type=\"container\" data-settings=\"{&quot;background_background&quot;:&quot;classic&quot;,&quot;shape_divider_top&quot;:&quot;pyramids&quot;}\">\n\t\t\t\t\t<div class=\"e-con-inner\">\n\t\t\t\t<div class=\"elementor-shape elementor-shape-top\" aria-hidden=\"true\" data-negative=\"false\">\n\t\t\t<svg xmlns=\"http:\/\/www.w3.org\/2000\/svg\" viewBox=\"0 0 1000 100\" preserveAspectRatio=\"none\">\n\t<path class=\"elementor-shape-fill\" d=\"M761.9,44.1L643.1,27.2L333.8,98L0,3.8V0l1000,0v3.9\"\/>\n<\/svg>\t\t<\/div>\n\t\t<div class=\"elementor-element elementor-element-b8387a7 e-con-full e-flex e-con e-child\" data-id=\"b8387a7\" data-element_type=\"container\" data-e-type=\"container\">\n\t\t\t\t<div class=\"elementor-element elementor-element-6e0e5cf elementor-widget elementor-widget-heading\" data-id=\"6e0e5cf\" data-element_type=\"widget\" data-e-type=\"widget\" data-widget_type=\"heading.default\">\n\t\t\t\t\t<h5 class=\"elementor-heading-title elementor-size-default\">Electric Motors<\/h5>\t\t\t\t<\/div>\n\t\t\t\t<div class=\"elementor-element elementor-element-4569e92 elementor-widget elementor-widget-heading\" data-id=\"4569e92\" data-element_type=\"widget\" data-e-type=\"widget\" data-widget_type=\"heading.default\">\n\t\t\t\t\t<h2 class=\"elementor-heading-title elementor-size-default\">Wir sind auf die Reparatur von Elektrofahrzeugen spezialisiert<\/h2>\t\t\t\t<\/div>\n\t\t<div class=\"elementor-element elementor-element-df3dbbe e-con-full e-flex e-con e-child\" data-id=\"df3dbbe\" data-element_type=\"container\" data-e-type=\"container\" data-settings=\"{&quot;background_background&quot;:&quot;classic&quot;}\">\n\t\t<div class=\"elementor-element elementor-element-2c74636 e-con-full e-flex e-con e-child\" data-id=\"2c74636\" data-element_type=\"container\" data-e-type=\"container\" data-settings=\"{&quot;background_background&quot;:&quot;classic&quot;}\">\n\t\t\t\t<div class=\"elementor-element elementor-element-a51b40a elementor-widget elementor-widget-image-box\" data-id=\"a51b40a\" data-element_type=\"widget\" data-e-type=\"widget\" data-widget_type=\"image-box.default\">\n\t\t\t\t\t<div class=\"elementor-image-box-wrapper\"><div class=\"elementor-image-box-content\"><h4 class=\"elementor-image-box-title\">Umfassende Diagnose<\/h4><p class=\"elementor-image-box-description\">Wir erkennen schnell jede St\u00f6rung und bieten Ihnen einen klaren und transparenten Reparaturplan.<\/p><\/div><\/div>\t\t\t\t<\/div>\n\t\t\t\t<div class=\"elementor-element elementor-element-72ae45f elementor-widget-divider--view-line elementor-widget elementor-widget-divider\" data-id=\"72ae45f\" data-element_type=\"widget\" data-e-type=\"widget\" data-widget_type=\"divider.default\">\n\t\t\t\t\t\t\t<div class=\"elementor-divider\">\n\t\t\t<span class=\"elementor-divider-separator\">\n\t\t\t\t\t\t<\/span>\n\t\t<\/div>\n\t\t\t\t\t\t<\/div>\n\t\t\t\t<div class=\"elementor-element elementor-element-f63c824 elementor-widget elementor-widget-image-box\" data-id=\"f63c824\" data-element_type=\"widget\" data-e-type=\"widget\" data-widget_type=\"image-box.default\">\n\t\t\t\t\t<div class=\"elementor-image-box-wrapper\"><div class=\"elementor-image-box-content\"><h4 class=\"elementor-image-box-title\">Individuelle Kostenvoranschl\u00e4ge<\/h4><p class=\"elementor-image-box-description\">Erhalten Sie einen kostenlosen Kostenvoranschlag, der auf Ihr Fahrzeug und Ihre Bed\u00fcrfnisse zugeschnitten ist \u2013 ohne \u00dcberraschungen.<\/p><\/div><\/div>\t\t\t\t<\/div>\n\t\t\t\t<\/div>\n\t\t<div class=\"elementor-element elementor-element-70db6be e-con-full e-flex e-con e-child\" data-id=\"70db6be\" data-element_type=\"container\" data-e-type=\"container\" data-settings=\"{&quot;background_background&quot;:&quot;classic&quot;}\">\n\t\t\t\t<div class=\"elementor-element elementor-element-ad5b745 elementor-widget elementor-widget-image-box\" data-id=\"ad5b745\" data-element_type=\"widget\" data-e-type=\"widget\" data-widget_type=\"image-box.default\">\n\t\t\t\t\t<div class=\"elementor-image-box-wrapper\"><div class=\"elementor-image-box-content\"><h4 class=\"elementor-image-box-title\">Reparatur aller Arten von Elektrofahrzeugen<\/h4><p class=\"elementor-image-box-description\">Von Tretrollern \u00fcber E-Bikes bis hin zu Elektrorollern \u2013 unsere Techniker garantieren zuverl\u00e4ssige Ergebnisse.<\/p><\/div><\/div>\t\t\t\t<\/div>\n\t\t\t\t<div class=\"elementor-element elementor-element-ffddfa4 elementor-widget-divider--view-line elementor-widget elementor-widget-divider\" data-id=\"ffddfa4\" data-element_type=\"widget\" data-e-type=\"widget\" data-widget_type=\"divider.default\">\n\t\t\t\t\t\t\t<div class=\"elementor-divider\">\n\t\t\t<span class=\"elementor-divider-separator\">\n\t\t\t\t\t\t<\/span>\n\t\t<\/div>\n\t\t\t\t\t\t<\/div>\n\t\t\t\t<div class=\"elementor-element elementor-element-6c20d67 elementor-widget elementor-widget-image-box\" data-id=\"6c20d67\" data-element_type=\"widget\" data-e-type=\"widget\" data-widget_type=\"image-box.default\">\n\t\t\t\t\t<div class=\"elementor-image-box-wrapper\"><div class=\"elementor-image-box-content\"><h4 class=\"elementor-image-box-title\">Ohne Terminservice<\/h4><p class=\"elementor-image-box-description\">Kommen Sie in unser Gesch\u00e4ft, und unsere Spezialisten werden Sie direkt betreuen.<\/p><\/div><\/div>\t\t\t\t<\/div>\n\t\t\t\t<\/div>\n\t\t\t\t<\/div>\n\t\t\t\t<\/div>\n\t\t\t\t\t<\/div>\n\t\t\t\t<\/div>\n\t\t<div class=\"elementor-element elementor-element-68cf37f e-flex e-con-boxed e-con e-parent\" data-id=\"68cf37f\" data-element_type=\"container\" data-e-type=\"container\" data-settings=\"{&quot;background_background&quot;:&quot;classic&quot;}\">\n\t\t\t\t\t<div class=\"e-con-inner\">\n\t\t<div class=\"elementor-element elementor-element-9353f7b e-con-full e-flex e-con e-child\" data-id=\"9353f7b\" data-element_type=\"container\" data-e-type=\"container\">\n\t\t\t\t<div class=\"elementor-element elementor-element-73542d1 elementor-widget elementor-widget-heading\" data-id=\"73542d1\" data-element_type=\"widget\" data-e-type=\"widget\" data-widget_type=\"heading.default\">\n\t\t\t\t\t<h3 class=\"elementor-heading-title elementor-size-default\">Bereit, Ihr Elektrofahrzeug reparieren zu lassen? Kontaktieren Sie uns noch heute und erhalten Sie sofort professionelle Betreuung.<\/h3>\t\t\t\t<\/div>\n\t\t\t\t<\/div>\n\t\t<div class=\"elementor-element elementor-element-ae58809 e-con-full e-flex e-con e-child\" data-id=\"ae58809\" data-element_type=\"container\" data-e-type=\"container\">\n\t\t\t\t<div class=\"elementor-element elementor-element-13a4e19 elementor-align-right elementor-mobile-align-center elementor-widget elementor-widget-button\" data-id=\"13a4e19\" data-element_type=\"widget\" data-e-type=\"widget\" data-widget_type=\"button.default\">\n\t\t\t\t\t\t\t\t\t\t<a class=\"elementor-button elementor-button-link elementor-size-sm\" href=\"https:\/\/electric.callfutur.com\/de\/contacto\/\">\n\t\t\t\t\t\t<span class=\"elementor-button-content-wrapper\">\n\t\t\t\t\t\t\t\t\t<span class=\"elementor-button-text\">Nachricht senden<\/span>\n\t\t\t\t\t<\/span>\n\t\t\t\t\t<\/a>\n\t\t\t\t\t\t\t\t<\/div>\n\t\t\t\t<\/div>\n\t\t\t\t\t<\/div>\n\t\t\t\t<\/div>\n\t\t\t\t<\/div>\n\t\t","protected":false},"excerpt":{"rendered":"<p>REPARATUR VON ELEKTROFAHRZEUGEN Schnelle und zuverl\u00e4ssige L\u00f6sungen, um Ihr Elektrofahrzeug stets betriebsbereit zu halten. Fordern Sie Ihr Angebot an Ihr Fahrzeug in erfahrenen H\u00e4nden Bei Electric Motors sind wir darauf spezialisiert, einen umfassenden und professionellen Service f\u00fcr die Reparatur von Elektrofahrzeugen anzubieten, der darauf ausgelegt ist, all Ihre Bed\u00fcrfnisse zu erf\u00fcllen und maximale Sicherheit sowie [&hellip;]<\/p>\n","protected":false},"author":1,"featured_media":0,"parent":0,"menu_order":0,"comment_status":"closed","ping_status":"closed","template":"","meta":{"site-sidebar-layout":"no-sidebar","site-content-layout":"page-builder","ast-site-content-layout":"default","site-content-style":"unboxed","site-sidebar-style":"default","ast-global-header-display":"","ast-banner-title-visibility":"","ast-main-header-display":"","ast-hfb-above-header-display":"","ast-hfb-below-header-display":"","ast-hfb-mobile-header-display":"","site-post-title":"disabled","ast-breadcrumbs-content":"","ast-featured-img":"disabled","footer-sml-layout":"","ast-disable-related-posts":"","theme-transparent-header-meta":"enabled","adv-header-id-meta":"","stick-header-meta":"","header-above-stick-meta":"","header-main-stick-meta":"","header-below-stick-meta":"","astra-migrate-meta-layouts":"default","ast-page-background-enabled":"default","ast-page-background-meta":{"desktop":{"background-color":"","background-image":"","background-repeat":"repeat","background-position":"center center","background-size":"auto","background-attachment":"scroll","background-type":"","background-media":"","overlay-type":"","overlay-color":"","overlay-opacity":"","overlay-gradient":""},"tablet":{"background-color":"","background-image":"","background-repeat":"repeat","background-position":"center center","background-size":"auto","background-attachment":"scroll","background-type":"","background-media":"","overlay-type":"","overlay-color":"","overlay-opacity":"","overlay-gradient":""},"mobile":{"background-color":"","background-image":"","background-repeat":"repeat","background-position":"center center","background-size":"auto","background-attachment":"scroll","background-type":"","background-media":"","overlay-type":"","overlay-color":"","overlay-opacity":"","overlay-gradient":""}},"ast-content-background-meta":{"desktop":{"background-color":"var(--ast-global-color-5)","background-image":"","background-repeat":"repeat","background-position":"center center","background-size":"auto","background-attachment":"scroll","background-type":"","background-media":"","overlay-type":"","overlay-color":"","overlay-opacity":"","overlay-gradient":""},"tablet":{"background-color":"var(--ast-global-color-5)","background-image":"","background-repeat":"repeat","background-position":"center center","background-size":"auto","background-attachment":"scroll","background-type":"","background-media":"","overlay-type":"","overlay-color":"","overlay-opacity":"","overlay-gradient":""},"mobile":{"background-color":"var(--ast-global-color-5)","background-image":"","background-repeat":"repeat","background-position":"center center","background-size":"auto","background-attachment":"scroll","background-type":"","background-media":"","overlay-type":"","overlay-color":"","overlay-opacity":"","overlay-gradient":""}},"footnotes":""},"class_list":["post-2352","page","type-page","status-publish","hentry"],"yoast_head":"<!-- This site is optimized with the Yoast SEO plugin v27.5 - https:\/\/yoast.com\/product\/yoast-seo-wordpress\/ -->\n<title>REPARACI\u00d3N - Electric Motors<\/title>\n<meta name=\"robots\" content=\"index, follow, max-snippet:-1, max-image-preview:large, max-video-preview:-1\" \/>\n<link rel=\"canonical\" href=\"https:\/\/www.electricmotors.es\/de\/repair\/\" \/>\n<meta property=\"og:locale\" content=\"de_DE\" \/>\n<meta property=\"og:type\" content=\"article\" \/>\n<meta property=\"og:title\" content=\"REPARACI\u00d3N - Electric Motors\" \/>\n<meta property=\"og:description\" content=\"REPARATUR VON ELEKTROFAHRZEUGEN Schnelle und zuverl\u00e4ssige L\u00f6sungen, um Ihr Elektrofahrzeug stets betriebsbereit zu halten. Fordern Sie Ihr Angebot an Ihr Fahrzeug in erfahrenen H\u00e4nden Bei Electric Motors sind wir darauf spezialisiert, einen umfassenden und professionellen Service f\u00fcr die Reparatur von Elektrofahrzeugen anzubieten, der darauf ausgelegt ist, all Ihre Bed\u00fcrfnisse zu erf\u00fcllen und maximale Sicherheit sowie [&hellip;]\" \/>\n<meta property=\"og:url\" content=\"https:\/\/www.electricmotors.es\/de\/repair\/\" \/>\n<meta property=\"og:site_name\" content=\"Electric Motors\" \/>\n<meta property=\"article:modified_time\" content=\"2026-03-01T16:12:43+00:00\" \/>\n<meta property=\"og:image\" content=\"https:\/\/electric.callfutur.com\/wp-content\/uploads\/2026\/02\/casual-male-posing-with-electric-scooter-1.webp\" \/>\n<meta name=\"twitter:card\" content=\"summary_large_image\" \/>\n<meta name=\"twitter:label1\" content=\"Gesch\u00e4tzte Lesezeit\" \/>\n\t<meta name=\"twitter:data1\" content=\"2\u00a0Minuten\" \/>\n<script type=\"application\/ld+json\" class=\"yoast-schema-graph\">{\"@context\":\"https:\\\/\\\/schema.org\",\"@graph\":[{\"@type\":\"WebPage\",\"@id\":\"https:\\\/\\\/www.electricmotors.es\\\/de\\\/repair\\\/\",\"url\":\"https:\\\/\\\/www.electricmotors.es\\\/de\\\/repair\\\/\",\"name\":\"REPARACI\u00d3N - Electric Motors\",\"isPartOf\":{\"@id\":\"https:\\\/\\\/www.electricmotors.es\\\/de\\\/#website\"},\"primaryImageOfPage\":{\"@id\":\"https:\\\/\\\/www.electricmotors.es\\\/de\\\/repair\\\/#primaryimage\"},\"image\":{\"@id\":\"https:\\\/\\\/www.electricmotors.es\\\/de\\\/repair\\\/#primaryimage\"},\"thumbnailUrl\":\"https:\\\/\\\/electric.callfutur.com\\\/wp-content\\\/uploads\\\/2026\\\/02\\\/casual-male-posing-with-electric-scooter-1.webp\",\"datePublished\":\"2026-02-11T13:00:28+00:00\",\"dateModified\":\"2026-03-01T16:12:43+00:00\",\"breadcrumb\":{\"@id\":\"https:\\\/\\\/www.electricmotors.es\\\/de\\\/repair\\\/#breadcrumb\"},\"inLanguage\":\"de\",\"potentialAction\":[{\"@type\":\"ReadAction\",\"target\":[\"https:\\\/\\\/www.electricmotors.es\\\/de\\\/repair\\\/\"]}]},{\"@type\":\"ImageObject\",\"inLanguage\":\"de\",\"@id\":\"https:\\\/\\\/www.electricmotors.es\\\/de\\\/repair\\\/#primaryimage\",\"url\":\"https:\\\/\\\/electric.callfutur.com\\\/wp-content\\\/uploads\\\/2026\\\/02\\\/casual-male-posing-with-electric-scooter-1.webp\",\"contentUrl\":\"https:\\\/\\\/electric.callfutur.com\\\/wp-content\\\/uploads\\\/2026\\\/02\\\/casual-male-posing-with-electric-scooter-1.webp\"},{\"@type\":\"BreadcrumbList\",\"@id\":\"https:\\\/\\\/www.electricmotors.es\\\/de\\\/repair\\\/#breadcrumb\",\"itemListElement\":[{\"@type\":\"ListItem\",\"position\":1,\"name\":\"Portada\",\"item\":\"https:\\\/\\\/www.electricmotors.es\\\/de\\\/\"},{\"@type\":\"ListItem\",\"position\":2,\"name\":\"REPARACI\u00d3N\"}]},{\"@type\":\"WebSite\",\"@id\":\"https:\\\/\\\/www.electricmotors.es\\\/de\\\/#website\",\"url\":\"https:\\\/\\\/www.electricmotors.es\\\/de\\\/\",\"name\":\"Electric Motors\",\"description\":\"Electrics vehicles\",\"publisher\":{\"@id\":\"https:\\\/\\\/www.electricmotors.es\\\/de\\\/#organization\"},\"potentialAction\":[{\"@type\":\"SearchAction\",\"target\":{\"@type\":\"EntryPoint\",\"urlTemplate\":\"https:\\\/\\\/www.electricmotors.es\\\/de\\\/?s={search_term_string}\"},\"query-input\":{\"@type\":\"PropertyValueSpecification\",\"valueRequired\":true,\"valueName\":\"search_term_string\"}}],\"inLanguage\":\"de\"},{\"@type\":\"Organization\",\"@id\":\"https:\\\/\\\/www.electricmotors.es\\\/de\\\/#organization\",\"name\":\"Electric Motors\",\"url\":\"https:\\\/\\\/www.electricmotors.es\\\/de\\\/\",\"logo\":{\"@type\":\"ImageObject\",\"inLanguage\":\"de\",\"@id\":\"https:\\\/\\\/www.electricmotors.es\\\/de\\\/#\\\/schema\\\/logo\\\/image\\\/\",\"url\":\"https:\\\/\\\/www.electricmotors.es\\\/wp-content\\\/uploads\\\/2026\\\/02\\\/image-1-1.webp\",\"contentUrl\":\"https:\\\/\\\/www.electricmotors.es\\\/wp-content\\\/uploads\\\/2026\\\/02\\\/image-1-1.webp\",\"width\":350,\"height\":350,\"caption\":\"Electric Motors\"},\"image\":{\"@id\":\"https:\\\/\\\/www.electricmotors.es\\\/de\\\/#\\\/schema\\\/logo\\\/image\\\/\"}}]}<\/script>\n<!-- \/ Yoast SEO plugin. -->","yoast_head_json":{"title":"REPARACI\u00d3N - Electric Motors","robots":{"index":"index","follow":"follow","max-snippet":"max-snippet:-1","max-image-preview":"max-image-preview:large","max-video-preview":"max-video-preview:-1"},"canonical":"https:\/\/www.electricmotors.es\/de\/repair\/","og_locale":"de_DE","og_type":"article","og_title":"REPARACI\u00d3N - Electric Motors","og_description":"REPARATUR VON ELEKTROFAHRZEUGEN Schnelle und zuverl\u00e4ssige L\u00f6sungen, um Ihr Elektrofahrzeug stets betriebsbereit zu halten. Fordern Sie Ihr Angebot an Ihr Fahrzeug in erfahrenen H\u00e4nden Bei Electric Motors sind wir darauf spezialisiert, einen umfassenden und professionellen Service f\u00fcr die Reparatur von Elektrofahrzeugen anzubieten, der darauf ausgelegt ist, all Ihre Bed\u00fcrfnisse zu erf\u00fcllen und maximale Sicherheit sowie [&hellip;]","og_url":"https:\/\/www.electricmotors.es\/de\/repair\/","og_site_name":"Electric Motors","article_modified_time":"2026-03-01T16:12:43+00:00","og_image":[{"url":"https:\/\/electric.callfutur.com\/wp-content\/uploads\/2026\/02\/casual-male-posing-with-electric-scooter-1.webp","type":"","width":"","height":""}],"twitter_card":"summary_large_image","twitter_misc":{"Gesch\u00e4tzte Lesezeit":"2\u00a0Minuten"},"schema":{"@context":"https:\/\/schema.org","@graph":[{"@type":"WebPage","@id":"https:\/\/www.electricmotors.es\/de\/repair\/","url":"https:\/\/www.electricmotors.es\/de\/repair\/","name":"REPARACI\u00d3N - Electric Motors","isPartOf":{"@id":"https:\/\/www.electricmotors.es\/de\/#website"},"primaryImageOfPage":{"@id":"https:\/\/www.electricmotors.es\/de\/repair\/#primaryimage"},"image":{"@id":"https:\/\/www.electricmotors.es\/de\/repair\/#primaryimage"},"thumbnailUrl":"https:\/\/electric.callfutur.com\/wp-content\/uploads\/2026\/02\/casual-male-posing-with-electric-scooter-1.webp","datePublished":"2026-02-11T13:00:28+00:00","dateModified":"2026-03-01T16:12:43+00:00","breadcrumb":{"@id":"https:\/\/www.electricmotors.es\/de\/repair\/#breadcrumb"},"inLanguage":"de","potentialAction":[{"@type":"ReadAction","target":["https:\/\/www.electricmotors.es\/de\/repair\/"]}]},{"@type":"ImageObject","inLanguage":"de","@id":"https:\/\/www.electricmotors.es\/de\/repair\/#primaryimage","url":"https:\/\/electric.callfutur.com\/wp-content\/uploads\/2026\/02\/casual-male-posing-with-electric-scooter-1.webp","contentUrl":"https:\/\/electric.callfutur.com\/wp-content\/uploads\/2026\/02\/casual-male-posing-with-electric-scooter-1.webp"},{"@type":"BreadcrumbList","@id":"https:\/\/www.electricmotors.es\/de\/repair\/#breadcrumb","itemListElement":[{"@type":"ListItem","position":1,"name":"Portada","item":"https:\/\/www.electricmotors.es\/de\/"},{"@type":"ListItem","position":2,"name":"REPARACI\u00d3N"}]},{"@type":"WebSite","@id":"https:\/\/www.electricmotors.es\/de\/#website","url":"https:\/\/www.electricmotors.es\/de\/","name":"Electric Motors","description":"Electrics vehicles","publisher":{"@id":"https:\/\/www.electricmotors.es\/de\/#organization"},"potentialAction":[{"@type":"SearchAction","target":{"@type":"EntryPoint","urlTemplate":"https:\/\/www.electricmotors.es\/de\/?s={search_term_string}"},"query-input":{"@type":"PropertyValueSpecification","valueRequired":true,"valueName":"search_term_string"}}],"inLanguage":"de"},{"@type":"Organization","@id":"https:\/\/www.electricmotors.es\/de\/#organization","name":"Electric Motors","url":"https:\/\/www.electricmotors.es\/de\/","logo":{"@type":"ImageObject","inLanguage":"de","@id":"https:\/\/www.electricmotors.es\/de\/#\/schema\/logo\/image\/","url":"https:\/\/www.electricmotors.es\/wp-content\/uploads\/2026\/02\/image-1-1.webp","contentUrl":"https:\/\/www.electricmotors.es\/wp-content\/uploads\/2026\/02\/image-1-1.webp","width":350,"height":350,"caption":"Electric Motors"},"image":{"@id":"https:\/\/www.electricmotors.es\/de\/#\/schema\/logo\/image\/"}}]}},"_links":{"self":[{"href":"https:\/\/www.electricmotors.es\/de\/wp-json\/wp\/v2\/pages\/2352","targetHints":{"allow":["GET"]}}],"collection":[{"href":"https:\/\/www.electricmotors.es\/de\/wp-json\/wp\/v2\/pages"}],"about":[{"href":"https:\/\/www.electricmotors.es\/de\/wp-json\/wp\/v2\/types\/page"}],"author":[{"embeddable":true,"href":"https:\/\/www.electricmotors.es\/de\/wp-json\/wp\/v2\/users\/1"}],"replies":[{"embeddable":true,"href":"https:\/\/www.electricmotors.es\/de\/wp-json\/wp\/v2\/comments?post=2352"}],"version-history":[{"count":2,"href":"https:\/\/www.electricmotors.es\/de\/wp-json\/wp\/v2\/pages\/2352\/revisions"}],"predecessor-version":[{"id":2449,"href":"https:\/\/www.electricmotors.es\/de\/wp-json\/wp\/v2\/pages\/2352\/revisions\/2449"}],"wp:attachment":[{"href":"https:\/\/www.electricmotors.es\/de\/wp-json\/wp\/v2\/media?parent=2352"}],"curies":[{"name":"wp","href":"https:\/\/api.w.org\/{rel}","templated":true}]}}